{"id":10841,"date":"2024-08-26T05:11:40","date_gmt":"2024-08-26T05:11:40","guid":{"rendered":"https:\/\/zagg.bzotech.com\/?page_id=10841"},"modified":"2025-11-04T16:31:30","modified_gmt":"2025-11-04T14:31:30","slug":"blog-grid","status":"publish","type":"page","link":"https:\/\/aeon-sale.de\/?page_id=10841","title":{"rendered":"Blog"},"content":{"rendered":"\t\t<div data-elementor-type=\"wp-page\" data-elementor-id=\"10841\" class=\"elementor elementor-10841\">\n\t\t\t\t<div class=\"elementor-element elementor-element-da7b291 e-flex e-con-boxed e-con e-parent\" data-id=\"da7b291\" data-element_type=\"container\">\n\t\t\t\t\t<div class=\"e-con-inner\">\n\t\t<div class=\"elementor-element elementor-element-ea2b6a9 e-con-full e-flex e-con e-child\" data-id=\"ea2b6a9\" data-element_type=\"container\">\n\t\t\t\t<div class=\"elementor-element elementor-element-34de408 elementor-widget elementor-widget-bzotech-posts-global\" data-id=\"34de408\" data-element_type=\"widget\" data-widget_type=\"bzotech-posts-global.default\">\n\t\t\t\t<div class=\"elementor-widget-container\">\n\t\t\t\t\t<div data-column-grid=\"\" class=\"elbzotech-posts-wrap js-content-wrap blog-grid-view   blog-grid-post-item-style3\" data-column=\"3\" data-column-widescreen=\"\" data-column-laptop=\"\" data-column-tablet-extra=\"\" data-column-tablet=\"2\" data-column-mobile-extra=\"\" data-column-mobile=\"1\">\t<div class=\"js-content-main list-post-wrap bzotech-row\">    \t<div class=\"list-col-item list-3-item list--item-widescreen list--item-laptop  list--item-tablet-extra list-2-item-tablet list--item-mobile-extra list-1-item-mobile item-grid-post-style3\"><div class=\"item-post\">            <div class=\"post-thumb zoom-image\">\r\n            <a href=\"https:\/\/aeon-sale.de\/?p=23338\" class=\"adv-thumb-link elementor-animation-\">\r\n                <img fetchpriority=\"high\" decoding=\"async\" width=\"680\" height=\"382\" src=\"https:\/\/aeon-sale.de\/wp-content\/uploads\/2026\/01\/post3.png\" class=\"attachment-680x490 size-680x490 wp-post-image\" alt=\"\" srcset=\"https:\/\/aeon-sale.de\/wp-content\/uploads\/2026\/01\/post3.png 1919w, https:\/\/aeon-sale.de\/wp-content\/uploads\/2026\/01\/post3-300x169.png 300w, https:\/\/aeon-sale.de\/wp-content\/uploads\/2026\/01\/post3-1024x576.png 1024w, https:\/\/aeon-sale.de\/wp-content\/uploads\/2026\/01\/post3-768x432.png 768w, https:\/\/aeon-sale.de\/wp-content\/uploads\/2026\/01\/post3-1536x864.png 1536w, https:\/\/aeon-sale.de\/wp-content\/uploads\/2026\/01\/post3-600x337.png 600w\" sizes=\"(max-width: 680px) 100vw, 680px\" \/>            <\/a>\r\n                                <ul class=\"list-inline-block post-meta-data meta-post-style1\">\r\n                                                        <li class=\"post-meta-data__item meta-date\">\r\n                                        <div class=\"post-meta-data__content\">\r\n                                            <i class=\"lar la-calendar-minus\"><\/i>\r\n                                            <span>20 stycznia, 2026<\/span>\r\n                                        <\/div>\r\n                                        <span class=\"split\"><\/span>                                    <\/li>\r\n                                                                        <li class=\"post-meta-data__item avata\">\r\n                                        <div class=\"post-meta-data__content\">\r\n                                            <i class=\"las la-user\"><\/i>By:                                             <a href=\"https:\/\/aeon-sale.de\/?author=1\">                                                                                        \r\n                                                <span class=\"name\">dawid_admin<\/span>\r\n                                                    \r\n                                            <\/a>\r\n                                        <\/div>\r\n                                                                            <\/li>\r\n                                    <\/ul>\r\n                        <\/div>\r\n        <div class=\"post-info\">\r\n        <h3 class=\"title20 post-title font-semibold text-capitalize color-title font-title\"><a class=\"color-title\" href=\"https:\/\/aeon-sale.de\/?p=23338\">Jak dobra\u0107 zasuw\u0119 do sieci wodnej i kanalizacyjnej: F4 czy F5, EPDM czy NBR? (na przyk\u0142adzie ECOVALVE\u2122)<\/a><\/h3>         <!-- <div class=\"desc title15\">Jak dobra\u0107 zasuw\u0119 do sieci wodnej i kanalizacyjnej: F4 czy<\/div> -->\r\n        <!--             <div class=\"readmore-wrap\">\r\n                <a href=\"https:\/\/aeon-sale.de\/?p=23338\" class=\"readmore elbzotech-bt-post\">\r\n                                        Read more                                        \r\n                <\/a>\r\n            <\/div>\r\n         -->\r\n    <\/div>\r\n<\/div>\r\n<\/div><div class=\"list-col-item list-3-item list--item-widescreen list--item-laptop  list--item-tablet-extra list-2-item-tablet list--item-mobile-extra list-1-item-mobile item-grid-post-style3\"><div class=\"item-post\">            <div class=\"post-thumb zoom-image\">\r\n            <a href=\"https:\/\/aeon-sale.de\/?p=10986\" class=\"adv-thumb-link elementor-animation-\">\r\n                <img decoding=\"async\" width=\"680\" height=\"382\" src=\"https:\/\/aeon-sale.de\/wp-content\/uploads\/2024\/08\/Group-294.png\" class=\"attachment-680x490 size-680x490 wp-post-image\" alt=\"\" srcset=\"https:\/\/aeon-sale.de\/wp-content\/uploads\/2024\/08\/Group-294.png 1919w, https:\/\/aeon-sale.de\/wp-content\/uploads\/2024\/08\/Group-294-300x169.png 300w, https:\/\/aeon-sale.de\/wp-content\/uploads\/2024\/08\/Group-294-1024x576.png 1024w, https:\/\/aeon-sale.de\/wp-content\/uploads\/2024\/08\/Group-294-768x432.png 768w, https:\/\/aeon-sale.de\/wp-content\/uploads\/2024\/08\/Group-294-1536x864.png 1536w, https:\/\/aeon-sale.de\/wp-content\/uploads\/2024\/08\/Group-294-600x337.png 600w\" sizes=\"(max-width: 680px) 100vw, 680px\" \/>            <\/a>\r\n                                <ul class=\"list-inline-block post-meta-data meta-post-style1\">\r\n                                                        <li class=\"post-meta-data__item meta-date\">\r\n                                        <div class=\"post-meta-data__content\">\r\n                                            <i class=\"lar la-calendar-minus\"><\/i>\r\n                                            <span>19 listopada, 2025<\/span>\r\n                                        <\/div>\r\n                                        <span class=\"split\"><\/span>                                    <\/li>\r\n                                                                        <li class=\"post-meta-data__item avata\">\r\n                                        <div class=\"post-meta-data__content\">\r\n                                            <i class=\"las la-user\"><\/i>By:                                             <a href=\"https:\/\/aeon-sale.de\/?author=1\">                                                                                        \r\n                                                <span class=\"name\">dawid_admin<\/span>\r\n                                                    \r\n                                            <\/a>\r\n                                        <\/div>\r\n                                                                            <\/li>\r\n                                    <\/ul>\r\n                        <\/div>\r\n        <div class=\"post-info\">\r\n        <h3 class=\"title20 post-title font-semibold text-capitalize color-title font-title\"><a class=\"color-title\" href=\"https:\/\/aeon-sale.de\/?p=10986\">Dlaczego Poliuretan (PUR) w pow\u0142okach zasuw to inwestycja, kt\u00f3ra si\u0119 op\u0142aca<\/a><\/h3>         <!-- <div class=\"desc title15\">Vivamus integer non suscipit taciti mus etiam at primis tempor<\/div> -->\r\n        <!--             <div class=\"readmore-wrap\">\r\n                <a href=\"https:\/\/aeon-sale.de\/?p=10986\" class=\"readmore elbzotech-bt-post\">\r\n                                        Read more                                        \r\n                <\/a>\r\n            <\/div>\r\n         -->\r\n    <\/div>\r\n<\/div>\r\n<\/div><div class=\"list-col-item list-3-item list--item-widescreen list--item-laptop  list--item-tablet-extra list-2-item-tablet list--item-mobile-extra list-1-item-mobile item-grid-post-style3\"><div class=\"item-post\">            <div class=\"post-thumb zoom-image\">\r\n            <a href=\"https:\/\/aeon-sale.de\/?p=981\" class=\"adv-thumb-link elementor-animation-\">\r\n                <img decoding=\"async\" width=\"680\" height=\"369\" src=\"https:\/\/aeon-sale.de\/wp-content\/uploads\/2024\/07\/1.png\" class=\"attachment-680x490 size-680x490 wp-post-image\" alt=\"\" srcset=\"https:\/\/aeon-sale.de\/wp-content\/uploads\/2024\/07\/1.png 1082w, https:\/\/aeon-sale.de\/wp-content\/uploads\/2024\/07\/1-300x163.png 300w, https:\/\/aeon-sale.de\/wp-content\/uploads\/2024\/07\/1-1024x556.png 1024w, https:\/\/aeon-sale.de\/wp-content\/uploads\/2024\/07\/1-768x417.png 768w, https:\/\/aeon-sale.de\/wp-content\/uploads\/2024\/07\/1-600x326.png 600w\" sizes=\"(max-width: 680px) 100vw, 680px\" \/>            <\/a>\r\n                                <ul class=\"list-inline-block post-meta-data meta-post-style1\">\r\n                                                        <li class=\"post-meta-data__item meta-date\">\r\n                                        <div class=\"post-meta-data__content\">\r\n                                            <i class=\"lar la-calendar-minus\"><\/i>\r\n                                            <span>29 lipca, 2024<\/span>\r\n                                        <\/div>\r\n                                        <span class=\"split\"><\/span>                                    <\/li>\r\n                                                                        <li class=\"post-meta-data__item avata\">\r\n                                        <div class=\"post-meta-data__content\">\r\n                                            <i class=\"las la-user\"><\/i>By:                                             <a href=\"https:\/\/aeon-sale.de\/?author=1\">                                                                                        \r\n                                                <span class=\"name\">dawid_admin<\/span>\r\n                                                    \r\n                                            <\/a>\r\n                                        <\/div>\r\n                                                                            <\/li>\r\n                                    <\/ul>\r\n                        <\/div>\r\n        <div class=\"post-info\">\r\n        <h3 class=\"title20 post-title font-semibold text-capitalize color-title font-title\"><a class=\"color-title\" href=\"https:\/\/aeon-sale.de\/?p=981\">Redukcja strat wody w sieciach wodoci\u0105gowych na przyk\u0142adzie CEUTA \u2013 jak rozwi\u0105zania AEON-AQUESTIA zmieniaj\u0105 przysz\u0142o\u015b\u0107 dystrybucji wody<\/a><\/h3>         <!-- <div class=\"desc title15\">Vivamus integer non suscipit taciti mus etiam at primis tempor<\/div> -->\r\n        <!--             <div class=\"readmore-wrap\">\r\n                <a href=\"https:\/\/aeon-sale.de\/?p=981\" class=\"readmore elbzotech-bt-post\">\r\n                                        Read more                                        \r\n                <\/a>\r\n            <\/div>\r\n         -->\r\n    <\/div>\r\n<\/div>\r\n<\/div>\t<\/div>\r\n\t    <div class=\"pagi-nav-block text-center\">\r\n\t    <div class=\"pagi-nav\">\r\n\t        \t    <\/div>\r\n    <\/div>\r\n<\/div>\t\t\t\t<\/div>\n\t\t\t\t<\/div>\n\t\t\t\t<\/div>\n\t\t\t\t\t<\/div>\n\t\t\t\t<\/div>\n\t\t\t\t<\/div>\n\t\t","protected":false},"excerpt":{"rendered":"","protected":false},"author":1,"featured_media":0,"parent":0,"menu_order":0,"comment_status":"closed","ping_status":"closed","template":"elementor-template.php","meta":{"footnotes":""},"class_list":["post-10841","page","type-page","status-publish","hentry"],"_links":{"self":[{"href":"https:\/\/aeon-sale.de\/index.php?rest_route=\/wp\/v2\/pages\/10841","targetHints":{"allow":["GET"]}}],"collection":[{"href":"https:\/\/aeon-sale.de\/index.php?rest_route=\/wp\/v2\/pages"}],"about":[{"href":"https:\/\/aeon-sale.de\/index.php?rest_route=\/wp\/v2\/types\/page"}],"author":[{"embeddable":true,"href":"https:\/\/aeon-sale.de\/index.php?rest_route=\/wp\/v2\/users\/1"}],"replies":[{"embeddable":true,"href":"https:\/\/aeon-sale.de\/index.php?rest_route=%2Fwp%2Fv2%2Fcomments&post=10841"}],"version-history":[{"count":3,"href":"https:\/\/aeon-sale.de\/index.php?rest_route=\/wp\/v2\/pages\/10841\/revisions"}],"predecessor-version":[{"id":22837,"href":"https:\/\/aeon-sale.de\/index.php?rest_route=\/wp\/v2\/pages\/10841\/revisions\/22837"}],"wp:attachment":[{"href":"https:\/\/aeon-sale.de\/index.php?rest_route=%2Fwp%2Fv2%2Fmedia&parent=10841"}],"curies":[{"name":"wp","href":"https:\/\/api.w.org\/{rel}","templated":true}]}}