{"id":17223,"date":"2024-09-19T10:17:01","date_gmt":"2024-09-19T10:17:01","guid":{"rendered":"https:\/\/zagg.bzotech.com\/?page_id=17223"},"modified":"2026-02-24T19:20:31","modified_gmt":"2026-02-24T17:20:31","slug":"contact-v2","status":"publish","type":"page","link":"https:\/\/aeon-sale.de\/?page_id=17223","title":{"rendered":"Contact v2"},"content":{"rendered":"\t\t<div data-elementor-type=\"wp-page\" data-elementor-id=\"17223\" class=\"elementor elementor-17223\">\n\t\t\t\t<div class=\"elementor-element elementor-element-740576e6 e-flex e-con-boxed e-con e-parent\" data-id=\"740576e6\" data-element_type=\"container\">\n\t\t\t\t\t<div class=\"e-con-inner\">\n\t\t<div class=\"elementor-element elementor-element-2758e6a2 e-con-full e-flex e-con e-child\" data-id=\"2758e6a2\" data-element_type=\"container\">\n\t\t\t\t<div class=\"elementor-element elementor-element-d0d3f74 elementor-widget elementor-widget-bzotech-breadcrumb-global\" data-id=\"d0d3f74\" data-element_type=\"widget\" data-widget_type=\"bzotech-breadcrumb-global.default\">\n\t\t\t\t<div class=\"elementor-widget-container\">\n\t\t\t\t\t<div class=\"elbzotech-bread-crumb-global bread-crumb-global-\">\r\n\t<div class=\"elbzotech-bread-crumb-global__content container-flex-e flex-wrapper\">\r\n\t\t<a class=\"bread-crumb-e\" href=\"https:\/\/aeon-sale.de\/\">Home<\/a>\t<\/div>\r\n<\/div>\t\t\t\t<\/div>\n\t\t\t\t<\/div>\n\t\t\t\t<\/div>\n\t\t\t\t\t<\/div>\n\t\t\t\t<\/div>\n\t\t<div class=\"elementor-element elementor-element-1e34bb46 e-con-full e-flex e-con e-parent\" data-id=\"1e34bb46\" data-element_type=\"container\" id=\"map\">\n\t\t<div class=\"elementor-element elementor-element-609dc44e e-con-full e-flex e-con e-child\" data-id=\"609dc44e\" data-element_type=\"container\">\n\t\t\t\t<div class=\"elementor-element elementor-element-9b471f7 elementor-widget elementor-widget-google_maps\" data-id=\"9b471f7\" data-element_type=\"widget\" data-widget_type=\"google_maps.default\">\n\t\t\t\t\t\t\t<div class=\"elementor-custom-embed\">\n\t\t\t<iframe loading=\"lazy\"\n\t\t\t\t\tsrc=\"https:\/\/maps.google.com\/maps?q=ul%2C%20Powsta%C5%84c%C3%B3w%20Wielkopolskich%2097%2C%2064-500%20Szamotu%C5%82y&#038;t=m&#038;z=16&#038;output=embed&#038;iwloc=near\"\n\t\t\t\t\ttitle=\"ul, Powsta\u0144c\u00f3w Wielkopolskich 97, 64-500 Szamotu\u0142y\"\n\t\t\t\t\taria-label=\"ul, Powsta\u0144c\u00f3w Wielkopolskich 97, 64-500 Szamotu\u0142y\"\n\t\t\t><\/iframe>\n\t\t<\/div>\n\t\t\t\t\t\t<\/div>\n\t\t\t\t<\/div>\n\t\t\t\t<\/div>\n\t\t<div class=\"elementor-element elementor-element-7d8cefa e-flex e-con-boxed e-con e-parent\" data-id=\"7d8cefa\" data-element_type=\"container\">\n\t\t\t\t\t<div class=\"e-con-inner\">\n\t\t<div class=\"elementor-element elementor-element-776f4137 e-con-full e-flex e-con e-child\" data-id=\"776f4137\" data-element_type=\"container\">\n\t\t\t\t<div class=\"elementor-element elementor-element-57242841 elementor-widget elementor-widget-bzotech-heading-global\" data-id=\"57242841\" data-element_type=\"widget\" data-widget_type=\"bzotech-heading-global.default\">\n\t\t\t\t<div class=\"elementor-widget-container\">\n\t\t\t\t\t<h2 class=\"  container-flex-e elbzotech-heading-global font-title text-css-e font-semibold  title48 color-title elbzotech-heading-global-style1\">Contact us<span class=\"type-title_shadow\"><\/span><\/h2>\t\t\t\t<\/div>\n\t\t\t\t<\/div>\n\t\t\t\t<\/div>\n\t\t\t\t\t<\/div>\n\t\t\t\t<\/div>\n\t\t<div class=\"elementor-element elementor-element-46409d91 e-flex e-con-boxed e-con e-parent\" data-id=\"46409d91\" data-element_type=\"container\">\n\t\t\t\t\t<div class=\"e-con-inner\">\n\t\t<div class=\"elementor-element elementor-element-739f6534 e-con-full e-flex e-con e-child\" data-id=\"739f6534\" data-element_type=\"container\">\n\t\t\t\t<div class=\"elementor-element elementor-element-3c69e2f elementor-widget elementor-widget-bzotech-heading-global\" data-id=\"3c69e2f\" data-element_type=\"widget\" data-widget_type=\"bzotech-heading-global.default\">\n\t\t\t\t<div class=\"elementor-widget-container\">\n\t\t\t\t\t<h2 class=\"  container-flex-e elbzotech-heading-global font-title text-css-e font-semibold  title48 color-title elbzotech-heading-global-style1\">Phone<span class=\"type-title_shadow\"><\/span><\/h2>\t\t\t\t<\/div>\n\t\t\t\t<\/div>\n\t\t\t\t<div class=\"elementor-element elementor-element-31018159 elementor-widget elementor-widget-bzotech-heading-global\" data-id=\"31018159\" data-element_type=\"widget\" data-widget_type=\"bzotech-heading-global.default\">\n\t\t\t\t<div class=\"elementor-widget-container\">\n\t\t\t\t\t<h2 class=\"  container-flex-e elbzotech-heading-global font-title text-css-e font-semibold  title48 color-title elbzotech-heading-global-style1\">+48 667 400 816<span class=\"type-title_shadow\"><\/span><\/h2>\t\t\t\t<\/div>\n\t\t\t\t<\/div>\n\t\t\t\t<div class=\"elementor-element elementor-element-1c7f086c elementor-widget elementor-widget-bzotech-heading-global\" data-id=\"1c7f086c\" data-element_type=\"widget\" data-widget_type=\"bzotech-heading-global.default\">\n\t\t\t\t<div class=\"elementor-widget-container\">\n\t\t\t\t\t<h2 class=\"  container-flex-e elbzotech-heading-global font-title text-css-e font-semibold  title48 color-title elbzotech-heading-global-style1\">Address<span class=\"type-title_shadow\"><\/span><\/h2>\t\t\t\t<\/div>\n\t\t\t\t<\/div>\n\t\t\t\t<div class=\"elementor-element elementor-element-14bd112f elementor-widget elementor-widget-bzotech-heading-global\" data-id=\"14bd112f\" data-element_type=\"widget\" data-widget_type=\"bzotech-heading-global.default\">\n\t\t\t\t<div class=\"elementor-widget-container\">\n\t\t\t\t\t<div class=\"elbzotech-text-editor-global text-css-e \"><p><a tabindex=\"0\" href=\"https:\/\/www.google.com\/maps\/place\/\/data=!4m2!3m1!1s0x4704170f189a3e43:0x2409066964fb4154?sa=X&amp;ved=1t:8290&amp;ictx=111\" data-url=\"\/maps\/place\/\/data=!4m2!3m1!1s0x4704170f189a3e43:0x2409066964fb4154?sa=X&amp;ved=2ahUKEwidseyLy9iQAxWYRPEDHRu6Is0Q4kB6BAgJEAA\">ul, Powsta\u0144c\u00f3w Wielkopolskich 97, 64-500 Szamotu\u0142y Poland<\/a><\/p><\/div>\t\t\t\t<\/div>\n\t\t\t\t<\/div>\n\t\t\t\t<div class=\"elementor-element elementor-element-f1eea82 elementor-widget elementor-widget-spacer\" data-id=\"f1eea82\" data-element_type=\"widget\" data-widget_type=\"spacer.default\">\n\t\t\t\t\t\t\t<div class=\"elementor-spacer\">\n\t\t\t<div class=\"elementor-spacer-inner\"><\/div>\n\t\t<\/div>\n\t\t\t\t\t\t<\/div>\n\t\t<div class=\"elementor-element elementor-element-558f2a12 e-con-full e-flex e-con e-child\" data-id=\"558f2a12\" data-element_type=\"container\">\n\t\t<div class=\"elementor-element elementor-element-6b09bcad e-con-full e-flex e-con e-child\" data-id=\"6b09bcad\" data-element_type=\"container\">\n\t\t\t\t<div class=\"elementor-element elementor-element-2c410709 elementor-widget elementor-widget-bzotech-heading-global\" data-id=\"2c410709\" data-element_type=\"widget\" data-widget_type=\"bzotech-heading-global.default\">\n\t\t\t\t<div class=\"elementor-widget-container\">\n\t\t\t\t\t<h2 class=\"  container-flex-e elbzotech-heading-global font-title text-css-e font-semibold  title48 color-title elbzotech-heading-global-style1\">Email<span class=\"type-title_shadow\"><\/span><\/h2>\t\t\t\t<\/div>\n\t\t\t\t<\/div>\n\t\t\t\t<div class=\"elementor-element elementor-element-3c583957 elementor-widget elementor-widget-bzotech-heading-global\" data-id=\"3c583957\" data-element_type=\"widget\" data-widget_type=\"bzotech-heading-global.default\">\n\t\t\t\t<div class=\"elementor-widget-container\">\n\t\t\t\t\t<div class=\"elbzotech-text-editor-global text-css-e \"><p><a href=\"mailto:magdalena.majchrzak@aeon-online.com\" target=\"_blank\" rel=\"noopener\">magdalena.majchrzak@aeon-online.com<\/a><\/p><\/div>\t\t\t\t<\/div>\n\t\t\t\t<\/div>\n\t\t\t\t<\/div>\n\t\t<div class=\"elementor-element elementor-element-591ec97b e-con-full e-flex e-con e-child\" data-id=\"591ec97b\" data-element_type=\"container\">\n\t\t\t\t<div class=\"elementor-element elementor-element-66b6dd78 elementor-widget elementor-widget-bzotech-heading-global\" data-id=\"66b6dd78\" data-element_type=\"widget\" data-widget_type=\"bzotech-heading-global.default\">\n\t\t\t\t<div class=\"elementor-widget-container\">\n\t\t\t\t\t<h2 class=\"  container-flex-e elbzotech-heading-global font-title text-css-e font-semibold  title48 color-title elbzotech-heading-global-style1\">Business hours<span class=\"type-title_shadow\"><\/span><\/h2>\t\t\t\t<\/div>\n\t\t\t\t<\/div>\n\t\t\t\t<div class=\"elementor-element elementor-element-49f8291e elementor-widget elementor-widget-bzotech-heading-global\" data-id=\"49f8291e\" data-element_type=\"widget\" data-widget_type=\"bzotech-heading-global.default\">\n\t\t\t\t<div class=\"elementor-widget-container\">\n\t\t\t\t\t<div class=\"elbzotech-text-editor-global text-css-e \"><p>7:00 &#8211; 15:00<\/p><\/div>\t\t\t\t<\/div>\n\t\t\t\t<\/div>\n\t\t\t\t<\/div>\n\t\t\t\t<\/div>\n\t\t\t\t<\/div>\n\t\t<div class=\"elementor-element elementor-element-5a8fcd54 e-con-full e-flex e-con e-child\" data-id=\"5a8fcd54\" data-element_type=\"container\">\n\t\t\t\t<div class=\"elementor-element elementor-element-d31e691 elementor-widget elementor-widget-image\" data-id=\"d31e691\" data-element_type=\"widget\" data-widget_type=\"image.default\">\n\t\t\t\t\t\t\t\t\t\t\t\t\t\t\t<img fetchpriority=\"high\" decoding=\"async\" width=\"640\" height=\"359\" src=\"https:\/\/aeon-sale.de\/wp-content\/uploads\/2025\/11\/Frame-25-1024x575.webp\" class=\"attachment-large size-large wp-image-22811\" alt=\"\" srcset=\"https:\/\/aeon-sale.de\/wp-content\/uploads\/2025\/11\/Frame-25-1024x575.webp 1024w, https:\/\/aeon-sale.de\/wp-content\/uploads\/2025\/11\/Frame-25-300x168.webp 300w, https:\/\/aeon-sale.de\/wp-content\/uploads\/2025\/11\/Frame-25-768x431.webp 768w, https:\/\/aeon-sale.de\/wp-content\/uploads\/2025\/11\/Frame-25-1536x862.webp 1536w, https:\/\/aeon-sale.de\/wp-content\/uploads\/2025\/11\/Frame-25-600x337.webp 600w, https:\/\/aeon-sale.de\/wp-content\/uploads\/2025\/11\/Frame-25.webp 1857w\" sizes=\"(max-width: 640px) 100vw, 640px\" \/>\t\t\t\t\t\t\t\t\t\t\t\t\t\t\t<\/div>\n\t\t\t\t<\/div>\n\t\t\t\t\t<\/div>\n\t\t\t\t<\/div>\n\t\t<div class=\"elementor-element elementor-element-6660055c e-flex e-con-boxed e-con e-parent\" data-id=\"6660055c\" data-element_type=\"container\" data-settings=\"{&quot;background_background&quot;:&quot;classic&quot;}\">\n\t\t\t\t\t<div class=\"e-con-inner\">\n\t\t<div class=\"elementor-element elementor-element-5650827e e-con-full e-flex e-con e-child\" data-id=\"5650827e\" data-element_type=\"container\">\n\t\t\t\t<div class=\"elementor-element elementor-element-14ce47ef elementor-widget elementor-widget-bzotech_info_box_global\" data-id=\"14ce47ef\" data-element_type=\"widget\" data-widget_type=\"bzotech_info_box_global.default\">\n\t\t\t\t<div class=\"elementor-widget-container\">\n\t\t\t\t\t<div class=\"flex-wrapper container-flex-e bzoteche-info-box-global- item-info-box-global\">\r\n\t<div class=\"info-box-icon item-image-icon-e  elementor-animation-\"><a ><img decoding=\"async\" width=\"121\" height=\"120\" src=\"https:\/\/aeon-sale.de\/wp-content\/uploads\/2024\/09\/shipped.png\" class=\"attachment-full size-full wp-image-13329\" alt=\"\" \/><\/a><\/div><div class = \"list-text-info flex-wrapper info-container-flex-e\">        <h2  class=\"list-text-info__item  elementor-repeater-item-2e15951\">Fast delivery<\/h2><\/div><\/div>\t\t\t\t<\/div>\n\t\t\t\t<\/div>\n\t\t\t\t<\/div>\n\t\t<div class=\"elementor-element elementor-element-43e5f401 e-con-full e-flex e-con e-child\" data-id=\"43e5f401\" data-element_type=\"container\">\n\t\t\t\t<div class=\"elementor-element elementor-element-c421b17 elementor-widget elementor-widget-bzotech_info_box_global\" data-id=\"c421b17\" data-element_type=\"widget\" data-widget_type=\"bzotech_info_box_global.default\">\n\t\t\t\t<div class=\"elementor-widget-container\">\n\t\t\t\t\t<div class=\"flex-wrapper container-flex-e bzoteche-info-box-global- item-info-box-global\">\r\n\t<div class=\"info-box-icon item-image-icon-e  elementor-animation-\"><a ><img decoding=\"async\" width=\"120\" height=\"120\" src=\"https:\/\/aeon-sale.de\/wp-content\/uploads\/2024\/09\/customer-service.png\" class=\"attachment-full size-full wp-image-13326\" alt=\"\" \/><\/a><\/div><div class = \"list-text-info flex-wrapper info-container-flex-e\">        <h2  class=\"list-text-info__item  elementor-repeater-item-2e15951\">Expert support in selecting the right solution<\/h2><\/div><\/div>\t\t\t\t<\/div>\n\t\t\t\t<\/div>\n\t\t\t\t<\/div>\n\t\t<div class=\"elementor-element elementor-element-1389e9e1 e-con-full e-flex e-con e-child\" data-id=\"1389e9e1\" data-element_type=\"container\">\n\t\t\t\t<div class=\"elementor-element elementor-element-4f40603a elementor-widget elementor-widget-bzotech_info_box_global\" data-id=\"4f40603a\" data-element_type=\"widget\" data-widget_type=\"bzotech_info_box_global.default\">\n\t\t\t\t<div class=\"elementor-widget-container\">\n\t\t\t\t\t<div class=\"flex-wrapper container-flex-e bzoteche-info-box-global- item-info-box-global\">\r\n\t<div class=\"info-box-icon item-image-icon-e  elementor-animation-\"><a ><img loading=\"lazy\" decoding=\"async\" width=\"121\" height=\"120\" src=\"https:\/\/aeon-sale.de\/wp-content\/uploads\/2024\/09\/money.png\" class=\"attachment-full size-full wp-image-13327\" alt=\"\" \/><\/a><\/div><div class = \"list-text-info flex-wrapper info-container-flex-e\">        <h2  class=\"list-text-info__item  elementor-repeater-item-2e15951\">Secure online payments<\/h2><\/div><\/div>\t\t\t\t<\/div>\n\t\t\t\t<\/div>\n\t\t\t\t<\/div>\n\t\t\t\t\t<\/div>\n\t\t\t\t<\/div>\n\t\t<div class=\"elementor-element elementor-element-e540bcc e-flex e-con-boxed e-con e-parent\" data-id=\"e540bcc\" data-element_type=\"container\">\n\t\t\t\t\t<div class=\"e-con-inner\">\n\t\t\t\t\t<\/div>\n\t\t\t\t<\/div>\n\t\t\t\t<\/div>\n\t\t","protected":false},"excerpt":{"rendered":"<p>Home Contact us Phone +48 667 400 816 Address ul, Powsta\u0144c\u00f3w Wielkopolskich 97, 64-500 Szamotu\u0142y Poland Email magdalena.majchrzak@aeon-online.com Business hours 7:00 &#8211; 15:00 Fast delivery Expert support in selecting the right solution Secure online payments<\/p>\n","protected":false},"author":1,"featured_media":0,"parent":0,"menu_order":0,"comment_status":"closed","ping_status":"closed","template":"elementor-template.php","meta":{"footnotes":""},"class_list":["post-17223","page","type-page","status-publish","hentry"],"_links":{"self":[{"href":"https:\/\/aeon-sale.de\/index.php?rest_route=\/wp\/v2\/pages\/17223","targetHints":{"allow":["GET"]}}],"collection":[{"href":"https:\/\/aeon-sale.de\/index.php?rest_route=\/wp\/v2\/pages"}],"about":[{"href":"https:\/\/aeon-sale.de\/index.php?rest_route=\/wp\/v2\/types\/page"}],"author":[{"embeddable":true,"href":"https:\/\/aeon-sale.de\/index.php?rest_route=\/wp\/v2\/users\/1"}],"replies":[{"embeddable":true,"href":"https:\/\/aeon-sale.de\/index.php?rest_route=%2Fwp%2Fv2%2Fcomments&post=17223"}],"version-history":[{"count":12,"href":"https:\/\/aeon-sale.de\/index.php?rest_route=\/wp\/v2\/pages\/17223\/revisions"}],"predecessor-version":[{"id":23406,"href":"https:\/\/aeon-sale.de\/index.php?rest_route=\/wp\/v2\/pages\/17223\/revisions\/23406"}],"wp:attachment":[{"href":"https:\/\/aeon-sale.de\/index.php?rest_route=%2Fwp%2Fv2%2Fmedia&parent=17223"}],"curies":[{"name":"wp","href":"https:\/\/api.w.org\/{rel}","templated":true}]}}