{"id":23386,"date":"2026-02-24T11:49:32","date_gmt":"2026-02-24T09:49:32","guid":{"rendered":"https:\/\/aeon-sale.de\/?page_id=23386"},"modified":"2026-02-24T15:36:29","modified_gmt":"2026-02-24T13:36:29","slug":"ueber-uns","status":"publish","type":"page","link":"https:\/\/aeon-sale.de\/?page_id=23386&lang=de","title":{"rendered":"\u00dcber uns"},"content":{"rendered":"\t\t<div data-elementor-type=\"wp-page\" data-elementor-id=\"23386\" class=\"elementor elementor-23386\">\n\t\t\t\t<div class=\"elementor-element elementor-element-6c8b63d e-flex e-con-boxed e-con e-parent\" data-id=\"6c8b63d\" data-element_type=\"container\">\n\t\t\t\t\t<div class=\"e-con-inner\">\n\t\t<div class=\"elementor-element elementor-element-162185a e-con-full e-flex e-con e-child\" data-id=\"162185a\" data-element_type=\"container\">\n\t\t\t\t<div class=\"elementor-element elementor-element-f97efd2 elementor-widget elementor-widget-bzotech-breadcrumb-global\" data-id=\"f97efd2\" data-element_type=\"widget\" data-widget_type=\"bzotech-breadcrumb-global.default\">\n\t\t\t\t<div class=\"elementor-widget-container\">\n\t\t\t\t\t<div class=\"elbzotech-bread-crumb-global bread-crumb-global-\">\r\n\t<div class=\"elbzotech-bread-crumb-global__content container-flex-e flex-wrapper\">\r\n\t\t<a class=\"bread-crumb-e\" href=\"https:\/\/aeon-sale.de\/\">Home<\/a>\t<\/div>\r\n<\/div>\t\t\t\t<\/div>\n\t\t\t\t<\/div>\n\t\t\t\t<\/div>\n\t\t\t\t\t<\/div>\n\t\t\t\t<\/div>\n\t\t<div class=\"elementor-element elementor-element-5373cc5 e-flex e-con-boxed e-con e-parent\" data-id=\"5373cc5\" data-element_type=\"container\">\n\t\t\t\t\t<div class=\"e-con-inner\">\n\t\t<div class=\"elementor-element elementor-element-44de7d5 e-con-full e-flex e-con e-child\" data-id=\"44de7d5\" data-element_type=\"container\">\n\t\t\t\t<div class=\"elementor-element elementor-element-a6b8857 elementor-widget elementor-widget-bzotech-heading-global\" data-id=\"a6b8857\" data-element_type=\"widget\" data-widget_type=\"bzotech-heading-global.default\">\n\t\t\t\t<div class=\"elementor-widget-container\">\n\t\t\t\t\t<h2 class=\"  container-flex-e elbzotech-heading-global font-title text-css-e font-semibold  title48 color-title elbzotech-heading-global-style1\">Wer wir sind<span class=\"type-title_shadow\"><\/span><\/h2>\t\t\t\t<\/div>\n\t\t\t\t<\/div>\n\t\t\t\t<div class=\"elementor-element elementor-element-5851334 elementor-widget elementor-widget-bzotech-heading-global\" data-id=\"5851334\" data-element_type=\"widget\" data-widget_type=\"bzotech-heading-global.default\">\n\t\t\t\t<div class=\"elementor-widget-container\">\n\t\t\t\t\t<h2 class=\"  container-flex-e elbzotech-heading-global font-title text-css-e font-semibold  title48 color-title elbzotech-heading-global-style1\">Aeon ist ein Hersteller innovativer und technologisch fortschrittlicher Armaturen f\u00fcr die Gas-, Wasser- und Brandschutzbranche. Seit \u00fcber 25 Jahren entwickeln wir zuverl\u00e4ssige L\u00f6sungen von h\u00f6chster Qualit\u00e4t und liefern Produkte, die zur Sicherheit und langfristigen Best\u00e4ndigkeit von Infrastrukturen weltweit beitragen. Als Teil der britischen Radius Group sind wir global t\u00e4tig \u2013 mit Standorten in Gro\u00dfbritannien, Polen, den Vereinigten Arabischen Emiraten und China.<span class=\"type-title_shadow\"><\/span><\/h2>\t\t\t\t<\/div>\n\t\t\t\t<\/div>\n\t\t\t\t<\/div>\n\t\t<div class=\"elementor-element elementor-element-7b5d113 e-con-full e-flex e-con e-child\" data-id=\"7b5d113\" data-element_type=\"container\">\n\t\t\t\t<div class=\"elementor-element elementor-element-32d5ca2 elementor-widget elementor-widget-bzotech-banner-info-global\" data-id=\"32d5ca2\" data-element_type=\"widget\" data-widget_type=\"bzotech-banner-info-global.default\">\n\t\t\t\t<div class=\"elementor-widget-container\">\n\t\t\t\t\t<div class=\"elbzotech-banner-info-global-wrap elbzotech-banner-info-global-elbzotech-bndf zoom-image elbzotech-hidden wrap-flex-e-elbzotech-info-inner\" >\r\n\t\t\t<div class=\"elbzotech-banner-info-global-thumb zoom-image elbzotech-hidden\" >\r\n\t\t\t<a class=\"adv-thumb-link  elementor-animation-\" rel=\"nofollow\" role=\"button\" >\r\n\t\t\t\t\t\t\t\t\t\t\t\t<img fetchpriority=\"high\" decoding=\"async\" width=\"1857\" height=\"1042\" src=\"https:\/\/aeon-sale.de\/wp-content\/uploads\/2025\/11\/Frame-25.webp\" class=\"attachment-full size-full wp-image-22811\" alt=\"\" srcset=\"https:\/\/aeon-sale.de\/wp-content\/uploads\/2025\/11\/Frame-25.webp 1857w, https:\/\/aeon-sale.de\/wp-content\/uploads\/2025\/11\/Frame-25-300x168.webp 300w, https:\/\/aeon-sale.de\/wp-content\/uploads\/2025\/11\/Frame-25-1024x575.webp 1024w, https:\/\/aeon-sale.de\/wp-content\/uploads\/2025\/11\/Frame-25-768x431.webp 768w, https:\/\/aeon-sale.de\/wp-content\/uploads\/2025\/11\/Frame-25-1536x862.webp 1536w, https:\/\/aeon-sale.de\/wp-content\/uploads\/2025\/11\/Frame-25-600x337.webp 600w\" sizes=\"(max-width: 1857px) 100vw, 1857px\" \/>\t\t\t\t\t\t\t<\/a>\r\n\t\t<\/div>\r\n\t<\/div>\t\t\t\t<\/div>\n\t\t\t\t<\/div>\n\t\t\t\t<\/div>\n\t\t\t\t\t<\/div>\n\t\t\t\t<\/div>\n\t\t<div class=\"elementor-element elementor-element-173ed45 e-flex e-con-boxed e-con e-parent\" data-id=\"173ed45\" data-element_type=\"container\">\n\t\t\t\t\t<div class=\"e-con-inner\">\n\t\t<div class=\"elementor-element elementor-element-3afaf87 e-con-full e-flex e-con e-child\" data-id=\"3afaf87\" data-element_type=\"container\">\n\t\t\t\t<div class=\"elementor-element elementor-element-4def333 elementor-widget elementor-widget-bzotech-heading-global\" data-id=\"4def333\" data-element_type=\"widget\" data-widget_type=\"bzotech-heading-global.default\">\n\t\t\t\t<div class=\"elementor-widget-container\">\n\t\t\t\t\t<h2 class=\"  container-flex-e elbzotech-heading-global font-title text-css-e font-semibold  title48 color-title elbzotech-heading-global-style1\">Unsere Werte in der Praxis<span class=\"type-title_shadow\"><\/span><\/h2>\t\t\t\t<\/div>\n\t\t\t\t<\/div>\n\t\t\t\t<div class=\"elementor-element elementor-element-1613ed7 elementor-widget elementor-widget-bzotech-heading-global\" data-id=\"1613ed7\" data-element_type=\"widget\" data-widget_type=\"bzotech-heading-global.default\">\n\t\t\t\t<div class=\"elementor-widget-container\">\n\t\t\t\t\t<div class=\"elbzotech-text-editor-global text-css-e \"><p data-start=\"1555\" data-end=\"1765\">Jede Phase unserer Arbeit \u2013 von der Entwicklung und Konstruktion bis zur Auslieferung \u2013 basiert auf drei zentralen S\u00e4ulen, die h\u00f6chste Qualit\u00e4tsstandards und das Vertrauen unserer Kunden weltweit gew\u00e4hrleisten.<\/p><\/div>\t\t\t\t<\/div>\n\t\t\t\t<\/div>\n\t\t<div class=\"elementor-element elementor-element-73ac47f e-con-full e-flex e-con e-child\" data-id=\"73ac47f\" data-element_type=\"container\">\n\t\t\t\t<div class=\"elementor-element elementor-element-34cb78d elementor-widget__width-initial elementor-widget-mobile__width-inherit elementor-widget elementor-widget-bzotech_info_box_global\" data-id=\"34cb78d\" data-element_type=\"widget\" data-widget_type=\"bzotech_info_box_global.default\">\n\t\t\t\t<div class=\"elementor-widget-container\">\n\t\t\t\t\t<div class=\"flex-wrapper container-flex-e bzoteche-info-box-global- item-info-box-global\">\r\n\t<div class=\"info-box-icon item-image-icon-e  elementor-animation-\"><a ><img decoding=\"async\" width=\"161\" height=\"160\" src=\"https:\/\/aeon-sale.de\/wp-content\/uploads\/2024\/09\/icon-box-4.png\" class=\"attachment-full size-full wp-image-13212\" alt=\"\" srcset=\"https:\/\/aeon-sale.de\/wp-content\/uploads\/2024\/09\/icon-box-4.png 161w, https:\/\/aeon-sale.de\/wp-content\/uploads\/2024\/09\/icon-box-4-150x150.png 150w\" sizes=\"(max-width: 161px) 100vw, 161px\" \/><\/a><\/div><div class = \"list-text-info flex-wrapper info-container-flex-e\">        <h2  class=\"list-text-info__item  elementor-repeater-item-4a0d09e\">Innovation und Weiterentwicklung<\/h2><p  class=\"list-text-info__item  elementor-repeater-item-7cb8cc3\">Wir investieren in moderne Technologien und verbessern unsere Produkte kontinuierlich, um den sich wandelnden Anforderungen der Branche gerecht zu werden.<\/p><\/div><\/div>\t\t\t\t<\/div>\n\t\t\t\t<\/div>\n\t\t\t\t<div class=\"elementor-element elementor-element-b1320eb elementor-widget__width-initial elementor-widget-mobile__width-inherit elementor-widget elementor-widget-bzotech_info_box_global\" data-id=\"b1320eb\" data-element_type=\"widget\" data-widget_type=\"bzotech_info_box_global.default\">\n\t\t\t\t<div class=\"elementor-widget-container\">\n\t\t\t\t\t<div class=\"flex-wrapper container-flex-e bzoteche-info-box-global- item-info-box-global\">\r\n\t<div class=\"info-box-icon item-image-icon-e  elementor-animation-\"><a ><img decoding=\"async\" width=\"161\" height=\"160\" src=\"https:\/\/aeon-sale.de\/wp-content\/uploads\/2024\/09\/icon-box-1.png\" class=\"attachment-full size-full wp-image-13217\" alt=\"\" srcset=\"https:\/\/aeon-sale.de\/wp-content\/uploads\/2024\/09\/icon-box-1.png 161w, https:\/\/aeon-sale.de\/wp-content\/uploads\/2024\/09\/icon-box-1-150x150.png 150w\" sizes=\"(max-width: 161px) 100vw, 161px\" \/><\/a><\/div><div class = \"list-text-info flex-wrapper info-container-flex-e\">        <h2  class=\"list-text-info__item  elementor-repeater-item-4a0d09e\">Verantwortung und Nachhaltigkeit<\/h2><p  class=\"list-text-info__item  elementor-repeater-item-7cb8cc3\">Wir handeln im Einklang mit der Umwelt und entwickeln L\u00f6sungen, die die Langlebigkeit von Ressourcen erh\u00f6hen und eine nachhaltige Zukunft unterst\u00fctzen.<\/p><\/div><\/div>\t\t\t\t<\/div>\n\t\t\t\t<\/div>\n\t\t\t\t<div class=\"elementor-element elementor-element-44a6d41 elementor-widget__width-initial elementor-widget-mobile__width-inherit elementor-widget elementor-widget-bzotech_info_box_global\" data-id=\"44a6d41\" data-element_type=\"widget\" data-widget_type=\"bzotech_info_box_global.default\">\n\t\t\t\t<div class=\"elementor-widget-container\">\n\t\t\t\t\t<div class=\"flex-wrapper container-flex-e bzoteche-info-box-global- item-info-box-global\">\r\n\t<div class=\"info-box-icon item-image-icon-e  elementor-animation-\"><a ><img loading=\"lazy\" decoding=\"async\" width=\"161\" height=\"160\" src=\"https:\/\/aeon-sale.de\/wp-content\/uploads\/2024\/09\/icon-box-3.png\" class=\"attachment-full size-full wp-image-13211\" alt=\"\" srcset=\"https:\/\/aeon-sale.de\/wp-content\/uploads\/2024\/09\/icon-box-3.png 161w, https:\/\/aeon-sale.de\/wp-content\/uploads\/2024\/09\/icon-box-3-150x150.png 150w\" sizes=\"(max-width: 161px) 100vw, 161px\" \/><\/a><\/div><div class = \"list-text-info flex-wrapper info-container-flex-e\">        <h2  class=\"list-text-info__item  elementor-repeater-item-4a0d09e\">Exzellenz in der Ausf\u00fchrung<\/h2><p  class=\"list-text-info__item  elementor-repeater-item-7cb8cc3\">Unser Ziel ist Perfektion beim ersten Mal \u2013 ohne Kompromisse bei Qualit\u00e4t, Sicherheit und Funktionalit\u00e4t.<\/p><\/div><\/div>\t\t\t\t<\/div>\n\t\t\t\t<\/div>\n\t\t\t\t<\/div>\n\t\t\t\t<\/div>\n\t\t\t\t\t<\/div>\n\t\t\t\t<\/div>\n\t\t<div class=\"elementor-element elementor-element-4a3052f e-flex e-con-boxed e-con e-parent\" data-id=\"4a3052f\" data-element_type=\"container\">\n\t\t\t\t\t<div class=\"e-con-inner\">\n\t\t<div class=\"elementor-element elementor-element-68c4a8c e-con-full e-flex e-con e-child\" data-id=\"68c4a8c\" data-element_type=\"container\">\n\t\t\t\t<div class=\"elementor-element elementor-element-e329439 elementor-widget elementor-widget-bzotech-banner-info-global\" data-id=\"e329439\" data-element_type=\"widget\" data-widget_type=\"bzotech-banner-info-global.default\">\n\t\t\t\t<div class=\"elementor-widget-container\">\n\t\t\t\t\t<div class=\"elbzotech-banner-info-global-wrap elbzotech-banner-info-global-elbzotech-bndf zoom-image elbzotech-hidden wrap-flex-e-elbzotech-info-inner\" >\r\n\t\t\t<div class=\"elbzotech-banner-info-global-thumb zoom-image elbzotech-hidden\" >\r\n\t\t\t<a class=\"adv-thumb-link  elementor-animation-\" rel=\"nofollow\" role=\"button\" >\r\n\t\t\t\t\t\t\t\t\t\t\t\t<img loading=\"lazy\" decoding=\"async\" width=\"2560\" height=\"1437\" src=\"https:\/\/aeon-sale.de\/wp-content\/uploads\/2025\/11\/Frame-26-scaled.webp\" class=\"attachment-full size-full wp-image-22813\" alt=\"\" srcset=\"https:\/\/aeon-sale.de\/wp-content\/uploads\/2025\/11\/Frame-26-scaled.webp 2560w, https:\/\/aeon-sale.de\/wp-content\/uploads\/2025\/11\/Frame-26-300x168.webp 300w, https:\/\/aeon-sale.de\/wp-content\/uploads\/2025\/11\/Frame-26-1024x575.webp 1024w, https:\/\/aeon-sale.de\/wp-content\/uploads\/2025\/11\/Frame-26-768x431.webp 768w, https:\/\/aeon-sale.de\/wp-content\/uploads\/2025\/11\/Frame-26-1536x862.webp 1536w, https:\/\/aeon-sale.de\/wp-content\/uploads\/2025\/11\/Frame-26-2048x1149.webp 2048w, https:\/\/aeon-sale.de\/wp-content\/uploads\/2025\/11\/Frame-26-600x337.webp 600w\" sizes=\"(max-width: 2560px) 100vw, 2560px\" \/>\t\t\t\t\t\t\t<\/a>\r\n\t\t<\/div>\r\n\t<\/div>\t\t\t\t<\/div>\n\t\t\t\t<\/div>\n\t\t\t\t<\/div>\n\t\t<div class=\"elementor-element elementor-element-c360dcd e-con-full e-flex e-con e-child\" data-id=\"c360dcd\" data-element_type=\"container\">\n\t\t\t\t<div class=\"elementor-element elementor-element-4e7e562 elementor-widget elementor-widget-bzotech-heading-global\" data-id=\"4e7e562\" data-element_type=\"widget\" data-widget_type=\"bzotech-heading-global.default\">\n\t\t\t\t<div class=\"elementor-widget-container\">\n\t\t\t\t\t<h2 class=\"  container-flex-e elbzotech-heading-global font-title text-css-e font-semibold  title48 color-title elbzotech-heading-global-style1\">Qualit\u00e4t, Sicherheit und Umwelt<span class=\"type-title_shadow\"><\/span><\/h2>\t\t\t\t<\/div>\n\t\t\t\t<\/div>\n\t\t\t\t<div class=\"elementor-element elementor-element-435c132 elementor-widget elementor-widget-bzotech-heading-global\" data-id=\"435c132\" data-element_type=\"widget\" data-widget_type=\"bzotech-heading-global.default\">\n\t\t\t\t<div class=\"elementor-widget-container\">\n\t\t\t\t\t<h2 class=\"  container-flex-e elbzotech-heading-global font-title text-css-e font-semibold  title48 color-title elbzotech-heading-global-style1\">Hohe Qualit\u00e4t, Betriebssicherheit und Umweltverantwortung bilden das Fundament unserer T\u00e4tigkeit. Jedes Aeon-Produkt wird gem\u00e4\u00df den strengsten internationalen Normen entwickelt, getestet und verifiziert.<span class=\"type-title_shadow\"><\/span><\/h2>\t\t\t\t<\/div>\n\t\t\t\t<\/div>\n\t\t\t\t<div class=\"elementor-element elementor-element-e254e58 elementor-widget elementor-widget-bzotech-list-link-global\" data-id=\"e254e58\" data-element_type=\"widget\" data-widget_type=\"bzotech-list-link-global.default\">\n\t\t\t\t<div class=\"elementor-widget-container\">\n\t\t\t\t\t\t<div class=\"elbzotech-list-link-global-block elbzotech-list-link-global \">\r\n\t\t\t\t\t<a class=\"item-link icon-position-left icon-check-yes elementor-repeater-item-d1592e9  e-font-title \">\r\n\r\n\t\t\t\t<i class=\"icon icon-checked\"><\/i><span class=\"title\">Produktion gem\u00e4\u00df ISO 9001:2015 (Qualit\u00e4t) und ISO 14001:2015 (Umwelt)<\/span>\t\t\t<\/a>\r\n\t\t\t\t\t\t\t\t\t<a class=\"item-link icon-position-left icon-check-yes elementor-repeater-item-0dabb4b  e-font-title \">\r\n\r\n\t\t\t\t<i class=\"icon icon-checked\"><\/i><span class=\"title\">Zertifizierungen wie PZH, WRAS, UL\/FM, CNBOP und weitere<\/span>\t\t\t<\/a>\r\n\t\t\t\t\t\t\t\t\t<a class=\"item-link icon-position-left icon-check-yes elementor-repeater-item-b4a22dc  e-font-title \">\r\n\r\n\t\t\t\t<i class=\"icon icon-checked\"><\/i><span class=\"title\">Umfassende Pr\u00fcfung jedes Produkts vor der Auslieferung<\/span>\t\t\t<\/a>\r\n\t\t\t\t\t\t\t\t\t<a class=\"item-link icon-position-left icon-check-yes elementor-repeater-item-0174024  e-font-title \">\r\n\r\n\t\t\t\t<i class=\"icon icon-checked\"><\/i><span class=\"title\">Kontinuierliche Qualit\u00e4tskontrolle in jeder Produktionsphase<\/span>\t\t\t<\/a>\r\n\t\t\t\t\t\t\t\t\t<a class=\"item-link icon-position-left icon-check-yes elementor-repeater-item-d41bbde  e-font-title \">\r\n\r\n\t\t\t\t<i class=\"icon icon-checked\"><\/i><span class=\"title\">Hochwertige, umweltfreundliche Schutzbeschichtungen<\/span>\t\t\t<\/a>\r\n\t\t\t\t\t\t\t\t\t<a class=\"item-link icon-position-left icon-check-yes elementor-repeater-item-342e089  e-font-title \">\r\n\r\n\t\t\t\t<i class=\"icon icon-checked\"><\/i><span class=\"title\">Sichere Materialien, zugelassen f\u00fcr den Kontakt mit Trinkwasser<\/span>\t\t\t<\/a>\r\n\t\t\t\t\t\t\t<\/div>\r\n\t\t\t\t\t<\/div>\n\t\t\t\t<\/div>\n\t\t\t\t<\/div>\n\t\t\t\t\t<\/div>\n\t\t\t\t<\/div>\n\t\t<div class=\"elementor-element elementor-element-6aec794 e-flex e-con-boxed e-con e-parent\" data-id=\"6aec794\" data-element_type=\"container\">\n\t\t\t\t\t<div class=\"e-con-inner\">\n\t\t<div class=\"elementor-element elementor-element-a5f3cce e-con-full e-flex e-con e-child\" data-id=\"a5f3cce\" data-element_type=\"container\">\n\t\t\t\t<div class=\"elementor-element elementor-element-f7e4080 elementor-widget elementor-widget-bzotech-heading-global\" data-id=\"f7e4080\" data-element_type=\"widget\" data-widget_type=\"bzotech-heading-global.default\">\n\t\t\t\t<div class=\"elementor-widget-container\">\n\t\t\t\t\t<h2 class=\"  container-flex-e elbzotech-heading-global font-title text-css-e font-semibold  title48 color-title elbzotech-heading-global-style1\">Teil der Radius Group \u2013 globale St\u00e4rke, lokale Unterst\u00fctzung<span class=\"type-title_shadow\"><\/span><\/h2>\t\t\t\t<\/div>\n\t\t\t\t<\/div>\n\t\t\t\t<div class=\"elementor-element elementor-element-4d91edd elementor-widget elementor-widget-bzotech-heading-global\" data-id=\"4d91edd\" data-element_type=\"widget\" data-widget_type=\"bzotech-heading-global.default\">\n\t\t\t\t<div class=\"elementor-widget-container\">\n\t\t\t\t\t<h2 class=\"  container-flex-e elbzotech-heading-global font-title text-css-e font-semibold  title48 color-title elbzotech-heading-global-style1\">Als Teil der Radius Group, einem der weltweit f\u00fchrenden Hersteller von Rohren und Komponenten f\u00fcr Infrastrukturnetze, bieten wir umfassende Unterst\u00fctzung in jeder Projektphase \u2013 von der Planung bis zur Inbetriebnahme.<span class=\"type-title_shadow\"><\/span><\/h2>\t\t\t\t<\/div>\n\t\t\t\t<\/div>\n\t\t\t\t<div class=\"elementor-element elementor-element-a2e9a69 elementor-widget elementor-widget-bzotech-heading-global\" data-id=\"a2e9a69\" data-element_type=\"widget\" data-widget_type=\"bzotech-heading-global.default\">\n\t\t\t\t<div class=\"elementor-widget-container\">\n\t\t\t\t\t<div class=\"elbzotech-text-editor-global text-css-e \"><p data-start=\"3397\" data-end=\"3599\">Unsere Experten unterst\u00fctzen bei der Installation, der Auswahl geeigneter Armaturen sowie der Optimierung von Netzwerken und gew\u00e4hrleisten dabei Systemkompatibilit\u00e4t und langfristige Betriebssicherheit.<\/p><\/div>\t\t\t\t<\/div>\n\t\t\t\t<\/div>\n\t\t\t\t<\/div>\n\t\t<div class=\"elementor-element elementor-element-3ed9b30 e-con-full e-flex e-con e-child\" data-id=\"3ed9b30\" data-element_type=\"container\">\n\t\t\t\t<div class=\"elementor-element elementor-element-5696684 elementor-widget elementor-widget-bzotech-banner-info-global\" data-id=\"5696684\" data-element_type=\"widget\" data-widget_type=\"bzotech-banner-info-global.default\">\n\t\t\t\t<div class=\"elementor-widget-container\">\n\t\t\t\t\t<div class=\"elbzotech-banner-info-global-wrap elbzotech-banner-info-global-elbzotech-bndf zoom-image elbzotech-hidden wrap-flex-e-elbzotech-info-inner\" >\r\n\t\t\t<div class=\"elbzotech-banner-info-global-thumb zoom-image elbzotech-hidden\" >\r\n\t\t\t<a class=\"adv-thumb-link  elementor-animation-\" rel=\"nofollow\" role=\"button\" >\r\n\t\t\t\t\t\t\t\t\t\t\t\t<img loading=\"lazy\" decoding=\"async\" width=\"2560\" height=\"1437\" src=\"https:\/\/aeon-sale.de\/wp-content\/uploads\/2025\/11\/Frame-27-scaled.webp\" class=\"attachment-full size-full wp-image-22812\" alt=\"\" srcset=\"https:\/\/aeon-sale.de\/wp-content\/uploads\/2025\/11\/Frame-27-scaled.webp 2560w, https:\/\/aeon-sale.de\/wp-content\/uploads\/2025\/11\/Frame-27-300x168.webp 300w, https:\/\/aeon-sale.de\/wp-content\/uploads\/2025\/11\/Frame-27-1024x575.webp 1024w, https:\/\/aeon-sale.de\/wp-content\/uploads\/2025\/11\/Frame-27-768x431.webp 768w, https:\/\/aeon-sale.de\/wp-content\/uploads\/2025\/11\/Frame-27-1536x862.webp 1536w, https:\/\/aeon-sale.de\/wp-content\/uploads\/2025\/11\/Frame-27-2048x1149.webp 2048w, https:\/\/aeon-sale.de\/wp-content\/uploads\/2025\/11\/Frame-27-600x337.webp 600w\" sizes=\"(max-width: 2560px) 100vw, 2560px\" \/>\t\t\t\t\t\t\t<\/a>\r\n\t\t<\/div>\r\n\t<\/div>\t\t\t\t<\/div>\n\t\t\t\t<\/div>\n\t\t\t\t<\/div>\n\t\t\t\t\t<\/div>\n\t\t\t\t<\/div>\n\t\t\t\t<\/div>\n\t\t","protected":false},"excerpt":{"rendered":"<p>Home Wer wir sind Aeon ist ein Hersteller innovativer und technologisch fortschrittlicher Armaturen f\u00fcr die Gas-, Wasser- und Brandschutzbranche. Seit \u00fcber 25 Jahren entwickeln wir zuverl\u00e4ssige L\u00f6sungen von h\u00f6chster Qualit\u00e4t und liefern Produkte, die zur Sicherheit und langfristigen Best\u00e4ndigkeit von Infrastrukturen weltweit beitragen. Als Teil der britischen Radius Group sind wir global t\u00e4tig \u2013 mit [&hellip;]<\/p>\n","protected":false},"author":1,"featured_media":0,"parent":0,"menu_order":0,"comment_status":"closed","ping_status":"closed","template":"elementor_header_footer","meta":{"footnotes":""},"class_list":["post-23386","page","type-page","status-publish","hentry"],"_links":{"self":[{"href":"https:\/\/aeon-sale.de\/index.php?rest_route=\/wp\/v2\/pages\/23386","targetHints":{"allow":["GET"]}}],"collection":[{"href":"https:\/\/aeon-sale.de\/index.php?rest_route=\/wp\/v2\/pages"}],"about":[{"href":"https:\/\/aeon-sale.de\/index.php?rest_route=\/wp\/v2\/types\/page"}],"author":[{"embeddable":true,"href":"https:\/\/aeon-sale.de\/index.php?rest_route=\/wp\/v2\/users\/1"}],"replies":[{"embeddable":true,"href":"https:\/\/aeon-sale.de\/index.php?rest_route=%2Fwp%2Fv2%2Fcomments&post=23386"}],"version-history":[{"count":7,"href":"https:\/\/aeon-sale.de\/index.php?rest_route=\/wp\/v2\/pages\/23386\/revisions"}],"predecessor-version":[{"id":23401,"href":"https:\/\/aeon-sale.de\/index.php?rest_route=\/wp\/v2\/pages\/23386\/revisions\/23401"}],"wp:attachment":[{"href":"https:\/\/aeon-sale.de\/index.php?rest_route=%2Fwp%2Fv2%2Fmedia&parent=23386"}],"curies":[{"name":"wp","href":"https:\/\/api.w.org\/{rel}","templated":true}]}}