{"id":23085,"date":"2025-11-19T14:54:26","date_gmt":"2025-11-19T12:54:26","guid":{"rendered":"https:\/\/aeon-sale.de\/?post_type=product&#038;p=23085"},"modified":"2025-12-09T23:21:45","modified_gmt":"2025-12-09T21:21:45","slug":"obudowa-teleskopowa-dn30-300-l1400-2200","status":"publish","type":"product","link":"https:\/\/aeon-sale.de\/?product=obudowa-teleskopowa-dn30-300-l1400-2200","title":{"rendered":"OBUDOWA TELESKOPOWA DN20-300 L=1400-2200"},"content":{"rendered":"<div style=\"background-color: #000; color: #fff; padding: 2px 20px; border-radius: 6px; width: fit-content; margin: 0 0 16px 0; display: inline-block;\">\n<p data-start=\"463\" data-end=\"547\" style=\"margin: 0; font-weight: bold;\">\n<p>      <a href=\"https:\/\/aeon-sale.de\/wp-content\/uploads\/2025\/11\/pages_34-35.pdf\" target=\"_blank\" rel=\"noopener\" style=\"color: #fff; text-decoration: none;\"><br \/>\n        KATALOG PRODUKTU DO POBRANIA<br \/>\n      <\/a><\/p>\n<\/div>\n<p data-start=\"537\" data-end=\"904\">Teleskopowa <strong data-start=\"549\" data-end=\"593\">obudowa do zasuw gazowych OPTIVALVE PLUS<\/strong> zosta\u0142a zaprojektowana z my\u015bl\u0105 o wygodnej, bezpiecznej i trwa\u0142ej obs\u0142udze armatury gazowej z poziomu gruntu. Dzi\u0119ki konstrukcji teleskopowej idealnie dopasowuje si\u0119 do r\u00f3\u017cnej g\u0142\u0119boko\u015bci zabudowy, a mo\u017cliwo\u015b\u0107 wykonania obudowy wed\u0142ug indywidualnego zam\u00f3wienia pozwala na pe\u0142ne dopasowanie do potrzeb inwestycji.<\/p>\n<p data-start=\"906\" data-end=\"1173\">Obudowa wyposa\u017cona jest w <strong data-start=\"932\" data-end=\"980\">kielich chroni\u0105cy trzpie\u0144 przed zabrudzeniem<\/strong>, co znacz\u0105co zwi\u0119ksza niezawodno\u015b\u0107 pracy i \u017cywotno\u015b\u0107 zasuwy. Produkt mo\u017ce by\u0107 r\u00f3wnie\u017c wykonany w <strong data-start=\"1078\" data-end=\"1100\">wersji ocynkowanej<\/strong>, zapewniaj\u0105cej dodatkow\u0105 ochron\u0119 antykorozyjn\u0105 w wymagaj\u0105cych warunkach.<\/p>\n<p data-start=\"1175\" data-end=\"1261\"><strong data-start=\"1175\" data-end=\"1196\">Pow\u0142oka ochronna:<\/strong><br data-start=\"1196\" data-end=\"1199\" \/>\u2022 standard \u2013 czarna farba bitumiczna<br data-start=\"1235\" data-end=\"1238\" \/>\u2022 opcja \u2013 ocynk FeZn5<\/p>\n<p data-start=\"1263\" data-end=\"1387\">Teleskopowa obudowa OPTIVALVE PLUS to solidne, trwa\u0142e i funkcjonalne rozwi\u0105zanie dla zasuw gazowych w zakresie DN 50\u2013DN 400.<\/p>\n","protected":false},"excerpt":{"rendered":"<p data-start=\"152\" data-end=\"512\"><strong>Teleskopowa obudowa do zasuw gazowych OPTIVALVE PLUS w zakresie DN 50\u2013DN 400<\/strong>, przeznaczona do bezpo\u015bredniej obs\u0142ugi armatury z poziomu gruntu. Wyposa\u017cona w kielich chroni\u0105cy trzpie\u0144 przed zabrudzeniem, dost\u0119pna r\u00f3wnie\u017c w wersji ocynkowanej. Mo\u017cliwo\u015b\u0107 wykonania obudowy o dowolnej g\u0142\u0119boko\u015bci zabudowy. Pow\u0142oka ochronna: farba bitumiczna lub ocynk FeZn5 (opcja).<\/p>\n","protected":false},"featured_media":23088,"template":"","meta":[],"product_brand":[],"product_cat":[49],"product_tag":[],"class_list":{"0":"post-23085","1":"product","2":"type-product","3":"status-publish","4":"has-post-thumbnail","6":"product_cat-gaz","8":"first","9":"outofstock","10":"taxable","11":"shipping-taxable","12":"purchasable","13":"product-type-variable"},"_links":{"self":[{"href":"https:\/\/aeon-sale.de\/index.php?rest_route=\/wp\/v2\/product\/23085","targetHints":{"allow":["GET"]}}],"collection":[{"href":"https:\/\/aeon-sale.de\/index.php?rest_route=\/wp\/v2\/product"}],"about":[{"href":"https:\/\/aeon-sale.de\/index.php?rest_route=\/wp\/v2\/types\/product"}],"version-history":[{"count":2,"href":"https:\/\/aeon-sale.de\/index.php?rest_route=\/wp\/v2\/product\/23085\/revisions"}],"predecessor-version":[{"id":23285,"href":"https:\/\/aeon-sale.de\/index.php?rest_route=\/wp\/v2\/product\/23085\/revisions\/23285"}],"wp:featuredmedia":[{"embeddable":true,"href":"https:\/\/aeon-sale.de\/index.php?rest_route=\/wp\/v2\/media\/23088"}],"wp:attachment":[{"href":"https:\/\/aeon-sale.de\/index.php?rest_route=%2Fwp%2Fv2%2Fmedia&parent=23085"}],"wp:term":[{"taxonomy":"product_brand","embeddable":true,"href":"https:\/\/aeon-sale.de\/index.php?rest_route=%2Fwp%2Fv2%2Fproduct_brand&post=23085"},{"taxonomy":"product_cat","embeddable":true,"href":"https:\/\/aeon-sale.de\/index.php?rest_route=%2Fwp%2Fv2%2Fproduct_cat&post=23085"},{"taxonomy":"product_tag","embeddable":true,"href":"https:\/\/aeon-sale.de\/index.php?rest_route=%2Fwp%2Fv2%2Fproduct_tag&post=23085"}],"curies":[{"name":"wp","href":"https:\/\/api.w.org\/{rel}","templated":true}]}}