{"id":23097,"date":"2025-11-19T15:10:14","date_gmt":"2025-11-19T13:10:14","guid":{"rendered":"https:\/\/aeon-sale.de\/?post_type=product&#038;p=23097"},"modified":"2025-12-09T23:20:43","modified_gmt":"2025-12-09T21:20:43","slug":"skrzynka-uliczna-do-zasuw2","status":"publish","type":"product","link":"https:\/\/aeon-sale.de\/?product=skrzynka-uliczna-do-zasuw2","title":{"rendered":"SKRZYNKA ULICZNA DO ZASUW"},"content":{"rendered":"<div style=\"background-color: #000; color: #fff; padding: 2px 20px; border-radius: 6px; width: fit-content; margin: 0 0 16px 0; display: inline-block;\">\n<p data-start=\"463\" data-end=\"547\" style=\"margin: 0; font-weight: bold;\">\n<p>      <a href=\"https:\/\/aeon-sale.de\/wp-content\/uploads\/2025\/11\/pages_85-86.pdf\" target=\"_blank\" rel=\"noopener\" style=\"color: #fff; text-decoration: none;\"><br \/>\n        KATALOG PRODUKTU DO POBRANIA<br \/>\n      <\/a><\/p>\n<\/div>\n<p data-start=\"447\" data-end=\"758\"><strong data-start=\"447\" data-end=\"476\">Skrzynka uliczna do zasuw<\/strong> to trwa\u0142y i niezawodny element infrastruktury wodoci\u0105gowej, zaprojektowany do monta\u017cu w jezdniach, chodnikach oraz na nawierzchniach nieutwardzonych. Jej zadaniem jest zapewnienie wygodnego i bezpiecznego dost\u0119pu do hydrant\u00f3w oraz zasuw znajduj\u0105cych si\u0119 w podziemnych instalacjach.<\/p>\n<p data-start=\"760\" data-end=\"1121\">Produkt dost\u0119pny jest w wersjach wykonanych z <strong data-start=\"806\" data-end=\"816\">\u017celiwa<\/strong> lub <strong data-start=\"821\" data-end=\"829\">PEHD<\/strong>, co pozwala dobra\u0107 odpowiedni\u0105 skrzynk\u0119 do warunk\u00f3w pracy i wymaga\u0144 inwestycji. Skrzynka spe\u0142nia norm\u0119 <strong data-start=\"933\" data-end=\"945\">DIN 4056<\/strong> oraz charakteryzuje si\u0119 wytrzyma\u0142o\u015bci\u0105 na obci\u0105\u017cenia <strong data-start=\"999\" data-end=\"1020\">klasy A15 (15 kN)<\/strong> zgodnie z norm\u0105 EN 124-1, dzi\u0119ki czemu sprawdza si\u0119 w strefach ruchu pieszego i lekkiego obci\u0105\u017cenia.<\/p>\n<p data-start=\"1123\" data-end=\"1242\">W wersji \u017celiwnej zastosowano <strong data-start=\"1153\" data-end=\"1195\">pow\u0142ok\u0119 ochronn\u0105 z lakieru asfaltowego<\/strong>, zapewniaj\u0105c\u0105 trwa\u0142o\u015b\u0107 i odporno\u015b\u0107 na korozj\u0119.<\/p>\n<p data-start=\"1244\" data-end=\"1370\">Solidna konstrukcja skrzynki ulicznej do zasuw gwarantuje wieloletni\u0105, bezpieczn\u0105 eksploatacj\u0119 w infrastrukturze wodoci\u0105gowej.<\/p>\n","protected":false},"excerpt":{"rendered":"<p>Skrzynka uliczna do zasuw przeznaczona do zabudowy w jezdniach, chodnikach oraz nawierzchniach nieutwardzonych. Umo\u017cliwia \u0142atwy dost\u0119p do hydrant\u00f3w i element\u00f3w podziemnych instalacji. Wykonana z \u017celiwa lub PEHD, zgodna z DIN 4056 i odporna na obci\u0105\u017cenia klasy A15. Wersja \u017celiwna pokryta lakierem asfaltowym.<\/p>\n","protected":false},"featured_media":23099,"template":"","meta":[],"product_brand":[],"product_cat":[49],"product_tag":[],"class_list":{"0":"post-23097","1":"product","2":"type-product","3":"status-publish","4":"has-post-thumbnail","6":"product_cat-gaz","8":"first","9":"instock","10":"taxable","11":"shipping-taxable","12":"purchasable","13":"product-type-variable","14":"has-default-attributes"},"_links":{"self":[{"href":"https:\/\/aeon-sale.de\/index.php?rest_route=\/wp\/v2\/product\/23097","targetHints":{"allow":["GET"]}}],"collection":[{"href":"https:\/\/aeon-sale.de\/index.php?rest_route=\/wp\/v2\/product"}],"about":[{"href":"https:\/\/aeon-sale.de\/index.php?rest_route=\/wp\/v2\/types\/product"}],"version-history":[{"count":2,"href":"https:\/\/aeon-sale.de\/index.php?rest_route=\/wp\/v2\/product\/23097\/revisions"}],"predecessor-version":[{"id":23284,"href":"https:\/\/aeon-sale.de\/index.php?rest_route=\/wp\/v2\/product\/23097\/revisions\/23284"}],"wp:featuredmedia":[{"embeddable":true,"href":"https:\/\/aeon-sale.de\/index.php?rest_route=\/wp\/v2\/media\/23099"}],"wp:attachment":[{"href":"https:\/\/aeon-sale.de\/index.php?rest_route=%2Fwp%2Fv2%2Fmedia&parent=23097"}],"wp:term":[{"taxonomy":"product_brand","embeddable":true,"href":"https:\/\/aeon-sale.de\/index.php?rest_route=%2Fwp%2Fv2%2Fproduct_brand&post=23097"},{"taxonomy":"product_cat","embeddable":true,"href":"https:\/\/aeon-sale.de\/index.php?rest_route=%2Fwp%2Fv2%2Fproduct_cat&post=23097"},{"taxonomy":"product_tag","embeddable":true,"href":"https:\/\/aeon-sale.de\/index.php?rest_route=%2Fwp%2Fv2%2Fproduct_tag&post=23097"}],"curies":[{"name":"wp","href":"https:\/\/api.w.org\/{rel}","templated":true}]}}