{"id":23105,"date":"2025-11-19T15:24:57","date_gmt":"2025-11-19T13:24:57","guid":{"rendered":"https:\/\/aeon-sale.de\/?post_type=product&#038;p=23105"},"modified":"2025-12-09T23:20:11","modified_gmt":"2025-12-09T21:20:11","slug":"wskaznik-polozenia-klina-dla-zasuw","status":"publish","type":"product","link":"https:\/\/aeon-sale.de\/?product=wskaznik-polozenia-klina-dla-zasuw","title":{"rendered":"WSKA\u0179NIK PO\u0141O\u017bENIA KLINA DLA ZASUW"},"content":{"rendered":"<div style=\"background-color: #000; color: #fff; padding: 2px 20px; border-radius: 6px; width: fit-content; margin: 0 0 16px 0; display: inline-block;\">\n<p data-start=\"463\" data-end=\"547\" style=\"margin: 0; font-weight: bold;\">\n<p>      <a href=\"https:\/\/aeon-sale.de\/wp-content\/uploads\/2025\/11\/pages_91-92.pdf\" target=\"_blank\" rel=\"noopener\" style=\"color: #fff; text-decoration: none;\"><br \/>\n        KATALOG PRODUKTU DO POBRANIA<br \/>\n      <\/a><\/p>\n<\/div>\n<p data-start=\"463\" data-end=\"728\"><strong data-start=\"463\" data-end=\"501\">Wska\u017anik po\u0142o\u017cenia klina dla zasuw<\/strong> to praktyczny element instalacji wodoci\u0105gowych i gazowych, s\u0142u\u017c\u0105cy do precyzyjnego okre\u015blania po\u0142o\u017cenia zespo\u0142u zamykaj\u0105cego armatur\u0119. Montowany na obudowach sta\u0142ych lub teleskopowych, znacz\u0105co u\u0142atwia obs\u0142ug\u0119 zasuw w terenie.<\/p>\n<p data-start=\"730\" data-end=\"1014\">Konstrukcja wska\u017anika zosta\u0142a wykonana w ca\u0142o\u015bci z wytrzyma\u0142ego <strong data-start=\"794\" data-end=\"814\">polietylenu (PE)<\/strong>, co zapewnia odporno\u015b\u0107 na warunki atmosferyczne, zabrudzenia oraz uszkodzenia mechaniczne. Czytelne <strong data-start=\"915\" data-end=\"949\">graficzne oznaczenia po\u0142o\u017cenia<\/strong> umo\u017cliwiaj\u0105 szybki odczyt stanu zasuwy przez obs\u0142ug\u0119 techniczn\u0105.<\/p>\n<p data-start=\"1169\" data-end=\"1282\">To lekkie, trwa\u0142e i funkcjonalne rozwi\u0105zanie poprawiaj\u0105ce efektywno\u015b\u0107 eksploatacji i serwisu armatury podziemnej.<\/p>\n","protected":false},"excerpt":{"rendered":"<p><strong>Wska\u017anik po\u0142o\u017cenia klina do zasuw<\/strong>, wykonany w ca\u0142o\u015bci z trwa\u0142ego tworzywa PE. Umo\u017cliwia szybkie i czytelne okre\u015blenie po\u0142o\u017cenia elementu zamykaj\u0105cego armatur\u0119 dzi\u0119ki graficznym znakom ustalaj\u0105cym. Przeznaczony do monta\u017cu na obudowach sta\u0142ych i teleskopowych. Wyposa\u017cony w kod QR zapewniaj\u0105cy pe\u0142n\u0105 identyfikowalno\u015b\u0107.<\/p>\n","protected":false},"featured_media":23107,"template":"","meta":[],"product_brand":[],"product_cat":[49],"product_tag":[],"class_list":{"0":"post-23105","1":"product","2":"type-product","3":"status-publish","4":"has-post-thumbnail","6":"product_cat-gaz","8":"first","9":"instock","10":"taxable","11":"shipping-taxable","12":"product-type-variable"},"_links":{"self":[{"href":"https:\/\/aeon-sale.de\/index.php?rest_route=\/wp\/v2\/product\/23105","targetHints":{"allow":["GET"]}}],"collection":[{"href":"https:\/\/aeon-sale.de\/index.php?rest_route=\/wp\/v2\/product"}],"about":[{"href":"https:\/\/aeon-sale.de\/index.php?rest_route=\/wp\/v2\/types\/product"}],"version-history":[{"count":2,"href":"https:\/\/aeon-sale.de\/index.php?rest_route=\/wp\/v2\/product\/23105\/revisions"}],"predecessor-version":[{"id":23283,"href":"https:\/\/aeon-sale.de\/index.php?rest_route=\/wp\/v2\/product\/23105\/revisions\/23283"}],"wp:featuredmedia":[{"embeddable":true,"href":"https:\/\/aeon-sale.de\/index.php?rest_route=\/wp\/v2\/media\/23107"}],"wp:attachment":[{"href":"https:\/\/aeon-sale.de\/index.php?rest_route=%2Fwp%2Fv2%2Fmedia&parent=23105"}],"wp:term":[{"taxonomy":"product_brand","embeddable":true,"href":"https:\/\/aeon-sale.de\/index.php?rest_route=%2Fwp%2Fv2%2Fproduct_brand&post=23105"},{"taxonomy":"product_cat","embeddable":true,"href":"https:\/\/aeon-sale.de\/index.php?rest_route=%2Fwp%2Fv2%2Fproduct_cat&post=23105"},{"taxonomy":"product_tag","embeddable":true,"href":"https:\/\/aeon-sale.de\/index.php?rest_route=%2Fwp%2Fv2%2Fproduct_tag&post=23105"}],"curies":[{"name":"wp","href":"https:\/\/api.w.org\/{rel}","templated":true}]}}