{"id":23246,"date":"2025-11-25T15:30:07","date_gmt":"2025-11-25T13:30:07","guid":{"rendered":"https:\/\/aeon-sale.de\/?post_type=product&#038;p=23246"},"modified":"2025-12-09T23:16:52","modified_gmt":"2025-12-09T21:16:52","slug":"skrzynka-uliczna-do-hydrantu","status":"publish","type":"product","link":"https:\/\/aeon-sale.de\/?product=skrzynka-uliczna-do-hydrantu","title":{"rendered":"SKRZYNKA ULICZNA DO HYDRANTU"},"content":{"rendered":"<div style=\"background-color: #000; color: #fff; padding: 2px 20px; border-radius: 6px; width: fit-content; margin: 0 0 16px 0; display: inline-block;\">\n<p data-start=\"463\" data-end=\"547\" style=\"margin: 0; font-weight: bold;\">\n<p>      <a href=\"https:\/\/aeon-sale.de\/wp-content\/uploads\/2025\/11\/pages_127-128.pdf\" target=\"_blank\" rel=\"noopener\" style=\"color: #fff; text-decoration: none;\"><br \/>\n        KATALOG PRODUKTU DO POBRANIA<br \/>\n      <\/a><\/p>\n<\/div>\n<p data-start=\"521\" data-end=\"814\">Skrzynka uliczna do hydrantu to solidny element infrastruktury montowany w chodnikach, jezdniach oraz nawierzchniach nieutwardzonych. Jej g\u0142\u00f3wnym zadaniem jest zapewnienie bezpiecznego i \u0142atwego dost\u0119pu do hydrant\u00f3w zlokalizowanych w podziemnych instalacjach wodoci\u0105gowych i przeciwpo\u017carowych.<\/p>\n<p data-start=\"816\" data-end=\"1082\">Konstrukcja skrzynki zosta\u0142a wykonana z wysokiej jako\u015bci <strong data-start=\"873\" data-end=\"883\">\u017celiwa<\/strong> lub <strong data-start=\"888\" data-end=\"905\">tworzywa PEHD<\/strong>, dzi\u0119ki czemu charakteryzuje si\u0119 bardzo dobr\u0105 wytrzyma\u0142o\u015bci\u0105 mechaniczn\u0105, odporno\u015bci\u0105 na korozj\u0119 i d\u0142ug\u0105 \u017cywotno\u015bci\u0105, nawet przy intensywnej eksploatacji w warunkach miejskich.<\/p>\n<p data-start=\"1084\" data-end=\"1407\">Skrzynka jest w pe\u0142ni zgodna z wymaganiami normy <strong data-start=\"1133\" data-end=\"1145\">DIN 4055<\/strong>, co gwarantuje jej kompatybilno\u015b\u0107 z hydrantami stosowanymi w podziemnych instalacjach wodoci\u0105gowych. Odporno\u015b\u0107 na obci\u0105\u017cenia klasy <strong data-start=\"1277\" data-end=\"1292\">A15 (15 kN)<\/strong> wed\u0142ug normy <strong data-start=\"1306\" data-end=\"1318\">EN 124-1<\/strong> sprawia, \u017ce doskonale sprawdza si\u0119 w miejscach ruchu pieszych oraz lekkim ruchu ko\u0142owym.<\/p>\n<p data-start=\"1409\" data-end=\"1723\">W wersjach wykonanych z \u017celiwa skrzynka pokryta jest pow\u0142ok\u0105 ochronn\u0105 w postaci <strong data-start=\"1489\" data-end=\"1512\">lakieru asfaltowego<\/strong>, kt\u00f3ry zapewnia dodatkow\u0105 odporno\u015b\u0107 na korozj\u0119 i warunki atmosferyczne. Czyni to produkt niezawodnym rozwi\u0105zaniem dla wszelkich instalacji wymagaj\u0105cych solidnego zabezpieczenia dost\u0119pu do hydrant\u00f3w podziemnych.<\/p>\n<p data-start=\"1725\" data-end=\"1887\">Skrzynka uliczna stanowi niezb\u0119dny element infrastruktury wodoci\u0105gowej i przeciwpo\u017carowej, \u0142\u0105cz\u0105c trwa\u0142o\u015b\u0107, funkcjonalno\u015b\u0107 oraz zgodno\u015b\u0107 z obowi\u0105zuj\u0105cymi normami.<\/p>\n","protected":false},"excerpt":{"rendered":"<p>Skrzynka uliczna do hydrantu, przeznaczona do monta\u017cu w chodnikach, jezdniach i nawierzchniach nieutwardzonych. Zapewnia szybki dost\u0119p do hydrant\u00f3w podziemnych oraz odporno\u015b\u0107 na obci\u0105\u017cenia klasy A15. Wykonana z trwa\u0142ego \u017celiwa lub PEHD, zgodna z norm\u0105 DIN 4055 i EN 124-1. Idealna do sieci wodoci\u0105gowych i przeciwpo\u017carowych.<\/p>\n","protected":false},"featured_media":23247,"template":"","meta":[],"product_brand":[],"product_cat":[39],"product_tag":[],"class_list":{"0":"post-23246","1":"product","2":"type-product","3":"status-publish","4":"has-post-thumbnail","6":"product_cat-ppoz","8":"first","9":"outofstock","10":"taxable","11":"shipping-taxable","12":"purchasable","13":"product-type-variable"},"_links":{"self":[{"href":"https:\/\/aeon-sale.de\/index.php?rest_route=\/wp\/v2\/product\/23246","targetHints":{"allow":["GET"]}}],"collection":[{"href":"https:\/\/aeon-sale.de\/index.php?rest_route=\/wp\/v2\/product"}],"about":[{"href":"https:\/\/aeon-sale.de\/index.php?rest_route=\/wp\/v2\/types\/product"}],"version-history":[{"count":2,"href":"https:\/\/aeon-sale.de\/index.php?rest_route=\/wp\/v2\/product\/23246\/revisions"}],"predecessor-version":[{"id":23279,"href":"https:\/\/aeon-sale.de\/index.php?rest_route=\/wp\/v2\/product\/23246\/revisions\/23279"}],"wp:featuredmedia":[{"embeddable":true,"href":"https:\/\/aeon-sale.de\/index.php?rest_route=\/wp\/v2\/media\/23247"}],"wp:attachment":[{"href":"https:\/\/aeon-sale.de\/index.php?rest_route=%2Fwp%2Fv2%2Fmedia&parent=23246"}],"wp:term":[{"taxonomy":"product_brand","embeddable":true,"href":"https:\/\/aeon-sale.de\/index.php?rest_route=%2Fwp%2Fv2%2Fproduct_brand&post=23246"},{"taxonomy":"product_cat","embeddable":true,"href":"https:\/\/aeon-sale.de\/index.php?rest_route=%2Fwp%2Fv2%2Fproduct_cat&post=23246"},{"taxonomy":"product_tag","embeddable":true,"href":"https:\/\/aeon-sale.de\/index.php?rest_route=%2Fwp%2Fv2%2Fproduct_tag&post=23246"}],"curies":[{"name":"wp","href":"https:\/\/api.w.org\/{rel}","templated":true}]}}